{"id":176,"date":"2022-02-19T22:06:31","date_gmt":"2022-02-19T21:06:31","guid":{"rendered":"https:\/\/krwawasotnia.pl\/?page_id=176"},"modified":"2022-03-08T16:09:51","modified_gmt":"2022-03-08T15:09:51","slug":"lisiczka","status":"publish","type":"page","link":"https:\/\/mwieczorek-fantastyka.pl\/index.php\/nawynos\/lisiczka\/","title":{"rendered":"Lisiczka"},"content":{"rendered":"\n<p><\/p>\n\n\n\n<p>Jedn\u0105 z bardziej zwariowanych rzeczy w \u017cyciu, jakie zrobi\u0142am, by\u0142 wyjazd do Chin razem z kole\u017cank\u0105. Ale nie by\u0142 to wyjazd \u015bci\u015ble turystyczny &#8211; jako anglistki zatrudni\u0142y\u015bmy si\u0119 w szkole prowadzonej przez szwedzk\u0105 fundacj\u0119, a rozmow\u0119 o prac\u0119 odby\u0142am przez telefon na jednym z konwent\u00f3w. Rozmawia\u0142am z pani\u0105 z Bostonu, kt\u00f3ra przepyta\u0142a mnie z metodyki nauczania j\u0119zyka obcego. Ca\u0142kiem zabawne, bo teraz mog\u0119 powiedzie\u0107, \u017ce by\u0142am w awangardzie pracy zdalnej. <br><\/p>\n\n\n\n<p>Trzymiesi\u0119czny wyjazd by\u0142 \u015bwietny, fascynacja Chinami przewija\u0142a mi si\u0119 jeszcze d\u0142ugo i w efekcie pope\u0142ni\u0142am par\u0119 opowiada\u0144 inspirowanych tym, co widzia\u0142am. Zupe\u0142nie inn\u0105 kwesti\u0105 pozostaje na ile by\u0142o to czym, co mog\u0142oby by\u0107 uznane za 'cultural appropriation&#8217;. Mo\u017cliwe te\u017c, \u017ce ta niepewno\u015b\u0107, na ile jestem kompetentna, by opowiada\u0107 chi\u0144skie bajki po swojemu, by\u0142a elementem, kt\u00f3ry zdecydowa\u0142, \u017ce nie kontynuowa\u0142am tego syklu tekst\u00f3w.<\/p>\n\n\n\n<p>Lisiczka, kt\u00f3r\u0105 tutaj prezentuj\u0119, jest rozbudowan\u0105 wersj\u0105 opowiadania z Nowej Fantastyki z 2007. Nie pami\u0119tam ju\u017c dok\u0142adnie, co chcia\u0142am zrobi\u0107 z tym tekstem, opr\u00f3cz tego, \u017ce mia\u0142o by\u0107 co\u015b dalej&#8230;<\/p>\n\n\n\n<p class=\"has-text-align-right\">MW<\/p>\n\n\n\n<div class=\"wp-block-columns is-layout-flex wp-container-core-columns-is-layout-9d6595d7 wp-block-columns-is-layout-flex\">\n<div class=\"wp-block-column is-layout-flow wp-block-column-is-layout-flow\">\n<div class=\"wp-block-file\"><a id=\"wp-block-file--media-193c85ac-672d-4c88-b21c-3514d724f127\" href=\"https:\/\/mwieczorek-fantastyka.pl\/wp-content\/uploads\/2022\/02\/Lisiczka.pdf\">Lisiczka pdf  <\/a><a href=\"https:\/\/mwieczorek-fantastyka.pl\/wp-content\/uploads\/2022\/02\/Lisiczka.pdf\" class=\"wp-block-file__button\" download aria-describedby=\"wp-block-file--media-193c85ac-672d-4c88-b21c-3514d724f127\">Pobierz<\/a><\/div>\n\n\n\n<div style=\"height:100px\" aria-hidden=\"true\" class=\"wp-block-spacer\"><\/div>\n\n\n\n<div class=\"wp-block-file\"><a id=\"wp-block-file--media-76f27c8e-9647-4eae-8462-0c712c65554f\" href=\"https:\/\/mwieczorek-fantastyka.pl\/wp-content\/uploads\/2022\/02\/LISICZKA-Malgorzata-Wieczorek.mobi\">Lisiczka mobi<\/a><a href=\"https:\/\/mwieczorek-fantastyka.pl\/wp-content\/uploads\/2022\/02\/LISICZKA-Malgorzata-Wieczorek.mobi\" class=\"wp-block-file__button\" download aria-describedby=\"wp-block-file--media-76f27c8e-9647-4eae-8462-0c712c65554f\">Pobierz<\/a><\/div>\n\n\n\n<div style=\"height:100px\" aria-hidden=\"true\" class=\"wp-block-spacer\"><\/div>\n\n\n\n<div class=\"wp-block-file\"><a id=\"wp-block-file--media-14c05a40-414b-45b1-9081-0dbfd36c6ff7\" href=\"https:\/\/mwieczorek-fantastyka.pl\/wp-content\/uploads\/2022\/02\/LISICZKA-Malgorzata-Wieczorek.epub\">Lisiczka epub<\/a><a href=\"https:\/\/mwieczorek-fantastyka.pl\/wp-content\/uploads\/2022\/02\/LISICZKA-Malgorzata-Wieczorek.epub\" class=\"wp-block-file__button\" download aria-describedby=\"wp-block-file--media-14c05a40-414b-45b1-9081-0dbfd36c6ff7\">Pobierz<\/a><\/div>\n<\/div>\n\n\n\n<div class=\"wp-block-column is-layout-flow wp-block-column-is-layout-flow\">\n<figure class=\"wp-block-image size-full is-resized\"><img loading=\"lazy\" decoding=\"async\" src=\"https:\/\/mwieczorek-fantastyka.pl\/wp-content\/uploads\/2022\/02\/canine-2025525_640.png\" alt=\"\" class=\"wp-image-180\" width=\"404\" height=\"513\" srcset=\"https:\/\/mwieczorek-fantastyka.pl\/wp-content\/uploads\/2022\/02\/canine-2025525_640.png 503w, https:\/\/mwieczorek-fantastyka.pl\/wp-content\/uploads\/2022\/02\/canine-2025525_640-236x300.png 236w\" sizes=\"auto, (max-width: 404px) 100vw, 404px\" \/><\/figure>\n<\/div>\n<\/div>\n\n\n\n<p><\/p>\n","protected":false},"excerpt":{"rendered":"<p>Jedn\u0105 z bardziej zwariowanych rzeczy w \u017cyciu, jakie zrobi\u0142am, by\u0142 wyjazd do Chin razem z kole\u017cank\u0105. Ale nie by\u0142 to wyjazd \u015bci\u015ble turystyczny &#8211; jako anglistki zatrudni\u0142y\u015bmy si\u0119 w szkole prowadzonej przez szwedzk\u0105 fundacj\u0119, a rozmow\u0119 o prac\u0119 odby\u0142am przez telefon na jednym z konwent\u00f3w. Rozmawia\u0142am z pani\u0105 z Bostonu, kt\u00f3ra przepyta\u0142a mnie z metodyki &hellip; <a href=\"https:\/\/mwieczorek-fantastyka.pl\/index.php\/nawynos\/lisiczka\/\" class=\"more-link\">Czytaj dalej <span class=\"screen-reader-text\">Lisiczka<\/span> <span class=\"meta-nav\">&rarr;<\/span><\/a><\/p>\n","protected":false},"author":1,"featured_media":0,"parent":188,"menu_order":0,"comment_status":"open","ping_status":"closed","template":"","meta":{"footnotes":""},"class_list":["post-176","page","type-page","status-publish","hentry"],"_links":{"self":[{"href":"https:\/\/mwieczorek-fantastyka.pl\/index.php\/wp-json\/wp\/v2\/pages\/176","targetHints":{"allow":["GET"]}}],"collection":[{"href":"https:\/\/mwieczorek-fantastyka.pl\/index.php\/wp-json\/wp\/v2\/pages"}],"about":[{"href":"https:\/\/mwieczorek-fantastyka.pl\/index.php\/wp-json\/wp\/v2\/types\/page"}],"author":[{"embeddable":true,"href":"https:\/\/mwieczorek-fantastyka.pl\/index.php\/wp-json\/wp\/v2\/users\/1"}],"replies":[{"embeddable":true,"href":"https:\/\/mwieczorek-fantastyka.pl\/index.php\/wp-json\/wp\/v2\/comments?post=176"}],"version-history":[{"count":1,"href":"https:\/\/mwieczorek-fantastyka.pl\/index.php\/wp-json\/wp\/v2\/pages\/176\/revisions"}],"predecessor-version":[{"id":219,"href":"https:\/\/mwieczorek-fantastyka.pl\/index.php\/wp-json\/wp\/v2\/pages\/176\/revisions\/219"}],"up":[{"embeddable":true,"href":"https:\/\/mwieczorek-fantastyka.pl\/index.php\/wp-json\/wp\/v2\/pages\/188"}],"wp:attachment":[{"href":"https:\/\/mwieczorek-fantastyka.pl\/index.php\/wp-json\/wp\/v2\/media?parent=176"}],"curies":[{"name":"wp","href":"https:\/\/api.w.org\/{rel}","templated":true}]}}