{"id":188,"date":"2022-02-10T18:03:33","date_gmt":"2022-02-10T17:03:33","guid":{"rendered":"https:\/\/krwawasotnia.pl\/?page_id=55"},"modified":"2022-03-08T16:09:34","modified_gmt":"2022-03-08T15:09:34","slug":"nawynos","status":"publish","type":"page","link":"https:\/\/mwieczorek-fantastyka.pl\/index.php\/nawynos\/","title":{"rendered":"Na wynos"},"content":{"rendered":"\n<p><a href=\"https:\/\/krwawasotnia.pl\/nawynos\/krasnieta\/\">Kra\u015bni\u0119ta<\/a>, Ma\u0142gorzata Wieczorek, Click Fantasy 2004<\/p>\n\n\n\n<figure class=\"wp-block-image size-full\"><a href=\"https:\/\/krwawasotnia.pl\/nawynos\/krasnieta\/\"><img loading=\"lazy\" decoding=\"async\" width=\"167\" height=\"115\" src=\"https:\/\/mwieczorek-fantastyka.pl\/wp-content\/uploads\/2022\/02\/fairy-tale-icons-4515406_1280-2.png\" alt=\"\" class=\"wp-image-133\"\/><\/a><\/figure>\n\n\n\n<p><a href=\"https:\/\/krwawasotnia.pl\/nawynos\/lisiczka\/\">Lisiczka<\/a>, Ma\u0142gorzata Wieczorek, Nowa Fantastyka 2007<\/p>\n\n\n\n<figure class=\"wp-block-image size-full is-resized\"><img loading=\"lazy\" decoding=\"async\" src=\"https:\/\/mwieczorek-fantastyka.pl\/wp-content\/uploads\/2022\/02\/canine-2025525_640.png\" alt=\"\" class=\"wp-image-180\" width=\"91\" height=\"115\" srcset=\"https:\/\/mwieczorek-fantastyka.pl\/wp-content\/uploads\/2022\/02\/canine-2025525_640.png 503w, https:\/\/mwieczorek-fantastyka.pl\/wp-content\/uploads\/2022\/02\/canine-2025525_640-236x300.png 236w\" sizes=\"auto, (max-width: 91px) 100vw, 91px\" \/><\/figure>\n","protected":false},"excerpt":{"rendered":"<p>Kra\u015bni\u0119ta, Ma\u0142gorzata Wieczorek, Click Fantasy 2004 Lisiczka, Ma\u0142gorzata Wieczorek, Nowa Fantastyka 2007<\/p>\n","protected":false},"author":1,"featured_media":0,"parent":0,"menu_order":0,"comment_status":"closed","ping_status":"closed","template":"","meta":{"footnotes":""},"class_list":["post-188","page","type-page","status-publish","hentry"],"_links":{"self":[{"href":"https:\/\/mwieczorek-fantastyka.pl\/index.php\/wp-json\/wp\/v2\/pages\/188","targetHints":{"allow":["GET"]}}],"collection":[{"href":"https:\/\/mwieczorek-fantastyka.pl\/index.php\/wp-json\/wp\/v2\/pages"}],"about":[{"href":"https:\/\/mwieczorek-fantastyka.pl\/index.php\/wp-json\/wp\/v2\/types\/page"}],"author":[{"embeddable":true,"href":"https:\/\/mwieczorek-fantastyka.pl\/index.php\/wp-json\/wp\/v2\/users\/1"}],"replies":[{"embeddable":true,"href":"https:\/\/mwieczorek-fantastyka.pl\/index.php\/wp-json\/wp\/v2\/comments?post=188"}],"version-history":[{"count":1,"href":"https:\/\/mwieczorek-fantastyka.pl\/index.php\/wp-json\/wp\/v2\/pages\/188\/revisions"}],"predecessor-version":[{"id":217,"href":"https:\/\/mwieczorek-fantastyka.pl\/index.php\/wp-json\/wp\/v2\/pages\/188\/revisions\/217"}],"wp:attachment":[{"href":"https:\/\/mwieczorek-fantastyka.pl\/index.php\/wp-json\/wp\/v2\/media?parent=188"}],"curies":[{"name":"wp","href":"https:\/\/api.w.org\/{rel}","templated":true}]}}