{"id":232,"date":"2022-03-08T21:24:39","date_gmt":"2022-03-08T20:24:39","guid":{"rendered":"https:\/\/mwieczorek-fantastyka.pl\/?page_id=232"},"modified":"2023-02-07T17:29:06","modified_gmt":"2023-02-07T16:29:06","slug":"musica-mundana","status":"publish","type":"page","link":"https:\/\/mwieczorek-fantastyka.pl\/index.php\/musica-mundana\/","title":{"rendered":"Musica Mundana"},"content":{"rendered":"\n<p>(fragment)<\/p>\n\n\n\n<p>Gwiazdozbiory by\u0142y inne. Nie powinien czu\u0107 zimnego dreszczu na plecach, mia\u0142 czas si\u0119 przyzwyczai\u0107, ale nieprzyjemne uczucie nadal mu towarzyszy\u0142o. Patrzy\u0142 ponad grzbietem Cholery na ciut ciemniejsze ni\u017c na Ziemi niebo, na odrobin\u0119 ja\u015bniejsze gwiazdy, kt\u00f3rych zimne ogniki p\u0142on\u0119\u0142y troch\u0119 zbyt blisko siebie, jak piegi na ciele rudzielca. Ca\u0142y \u015bwiat wywo\u0142ywa\u0142 w nim niepok\u00f3j, kt\u00f3ry w ko\u0144cu z trudem zidentyfikowa\u0142 i ledwo pohamowa\u0142 histeryczny \u015bmiech. Otacza\u0142a go dolina niesamowito\u015bci, ca\u0142y \u015bwiat ni\u0105 by\u0142. Z regu\u0142y poj\u0119cie to odnosi\u0142o si\u0119 do reakcji wobec android\u00f3w, zbyt podobnych do cz\u0142owieka i zbyt r\u00f3\u017cnych jednocze\u015bnie, \u017ceby ludzie czuli si\u0119 w ich obecno\u015bci swobodnie. Z drugiej strony ta instynktowna reakcja wobec innego mia\u0142a odpowiada\u0107 za holokaust, jaki homo sapiens zafundowali neandertalczykom, wi\u0119c mo\u017ce ten niepok\u00f3j nie by\u0142 a\u017c tak absurdalny. Nadal nie wiedzia\u0142, jak wykr\u0119ci si\u0119 ze swojej roli.<\/p>\n\n\n\n<p>Patrzy\u0142 ju\u017c w noc spokojniej. Widzia\u0142 z \u0142\u00f3\u017cka przez uchylone wrota cielsko wyverny, nie widzia\u0142 za to Mlecznej Drogi, czy Ksi\u0119\u017cyca, by\u0142y dwa mniejsze ksi\u0119\u017cyce, owalne, ale nie znajdowa\u0142 si\u0119 na odpowiedniku Marsa, s\u0142o\u0144ce by\u0142o zbyt blisko, za du\u017co ciep\u0142a dociera\u0142o do powierzchni planety. By\u0142 na planecie. Przez chwil\u0119 w\u0105tpi\u0142 w to, wszak w \u015bwiecie magii nie musia\u0142y obowi\u0105zywa\u0107 ludzkie zasady fizyki, m\u00f3g\u0142 by\u0107 dysku niesionym przez \u017c\u00f3\u0142wie. Sp\u0119dzi\u0142 wi\u0119c wi\u0119kszo\u015b\u0107 nocy \u015bledz\u0105c gwiazdozbiory. Nazywa\u0142 je arbitralnie, ta gwiazda tutaj, tamta tam, razem tworz\u0105 Wachlarz. W ko\u0144cu doszed\u0142 do wniosku, na\u015bladuj\u0105c w tym Galileusza, \u017ce jednak si\u0119 obraca, ruch Wachlarza by\u0142 wyra\u017any i z niczym nie da\u0142 si\u0119 pomyli\u0107.<\/p>\n\n\n\n<p>A zatem planeta.<\/p>\n\n\n\n<p>Do niczego ta wiedza nie by\u0142a przydatna, a jednak czu\u0142 si\u0119 pewniej, wiedz\u0105c, \u017ce pod nogami ma skalist\u0105 geoid\u0119, p\u0119dz\u0105c\u0105 przez kosmos i kr\u0119c\u0105c\u0105 piruety jak jego Ziemia.<\/p>\n\n\n\n<p>W ko\u0144cu zasn\u0105\u0142, nadal maj\u0105c pod powiekami obraz gwiazd.<\/p>\n\n\n\n<p>Obudzi\u0142 go ryk smok\u00f3w, witaj\u0105cych s\u0142o\u0144ce. Smoki i wyverny przypomina\u0142y gady tylko zewn\u0119trznie, ale i tak ch\u0119tnie wygrzewa\u0142y si\u0119 w s\u0142o\u0144cu. Wyloty grot skierowane by\u0142y na wsch\u00f3d i \u0142apa\u0142y pierwsze promienie, wi\u0119c zwierzaki \u0142apczywie nadstawia\u0142y grzbiety, zachowuj\u0105c si\u0119 jak przero\u015bni\u0119te koty. Cholera przewr\u00f3ci\u0142a si\u0119 na drugi bok i przeci\u0105gn\u0119\u0142a, wydaj\u0105c z siebie kolejny zadowolony ryk.<\/p>\n\n\n\n<p>Dok\u0142adnie w tym momencie Nor zrezygnowa\u0142 z pr\u00f3b ponownego za\u015bni\u0119cia. Zrzuci\u0142 z g\u0142owy koc i usiad\u0142 na \u0142\u00f3\u017cku.<\/p>\n\n\n\n<p>\u2013 Zupe\u0142nie nie wiem, co w tym takiego ekscytuj\u0105cego \u2013 krzykn\u0105\u0142. \u2013 S\u0142o\u0144ce to s\u0142o\u0144ce.<\/p>\n\n\n\n<p>Odpowiedzia\u0142o mu rozbawione smocze gruchanie. Wyverna wsadzi\u0142a \u0142eb do jego komnaty i g\u0142o\u015bno fukn\u0119\u0142a.<\/p>\n\n\n\n<p>\u2013 Wcale si\u0119 nie leni\u0119 \u2013 odpowiedzia\u0142 Nor. \u2013 Jak jeste\u015b g\u0142odna, to spadaj sama na \u0142\u0105k\u0119. Nie musz\u0119 patrze\u0107, jak jesz. Spotkamy si\u0119 w po\u0142udnie. Mamy \u0107wiczenia z tymi ognistymi padalcami, pami\u0119taj.<\/p>\n\n\n\n<p>Tym razem d\u017awi\u0119ki jakie wyda\u0142a z siebie wyverna by\u0142y mniej rozbawione. Odci\u0105gn\u0119\u0142a wargi i pokaza\u0142a z\u0119by.<\/p>\n\n\n\n<p>\u2013 W\u0105gliki te\u017c ciebie nie lubi\u0105 \u2013 powiedzia\u0142 Nor. \u2013 Ale jeste\u015bcie na siebie skazane. Ka\u017cda wyverna lata w szyku z jaszczurkami. Musicie si\u0119 nauczy\u0107 sobie ufa\u0107, jak przysta\u0142o na towarzyszy broni.<\/p>\n\n\n\n<p>Ametyst przez kilka pierwszych miesi\u0119cy nadzorowa\u0142 ich rozmowy, a\u017c w ko\u0144cu Nor uzna\u0142, \u017ce ca\u0142kiem nie\u017ale rozumie mow\u0119 Cholery. Poczyni\u0142 znacz\u0105ce post\u0119py, gdy wyverna zrezygnowa\u0142a ze z\u0142o\u015bliwego uciekania ze swoimi rykami w rejestry s\u0142yszane tylko przez ogniste jaszczurki.<\/p>\n\n\n\n<p>Wyverna st\u0119kn\u0119\u0142a, zaszura\u0142a pazurami i wype\u0142z\u0142a z groty wprost na zbocze, szeroko roz\u0142o\u017conymi skrzyd\u0142ami zatrzymuj\u0105c upadek. D\u0142ugie pazury na ko\u0144cach k\u0142ykci wbi\u0142y si\u0119 w mi\u0119kki piaskowiec po obu stronach otworu. Skalne okruchy ze stukotem ucieka\u0142y spod napr\u0119\u017conych \u0142ap. &nbsp;Zadrga\u0142y wszystkie mi\u0119\u015bnie i w ko\u0144cu z\u0142o\u017cy\u0142a skrzyd\u0142a i skoczy\u0142a. Odwr\u00f3ci\u0142a si\u0119 dwa razy, z\u0142apa\u0142a pr\u0105d wst\u0119puj\u0105cy i zacz\u0119\u0142a si\u0119 wznosi\u0107, kieruj\u0105c prze\u015bmiewczy ryk w stron\u0119 Nora.<\/p>\n\n\n\n<p>\u2013 Nie jestem tch\u00f3rzem! \u2013 wrzasn\u0105\u0142 do niej. \u2013 Po prostu tego nie lubi\u0119.<\/p>\n\n\n\n<p>W ramach szkolenia musia\u0142 opanowa\u0107 towarzyszenie wyvernie podczas opuszczania groty i ju\u017c za pierwszym razem przekona\u0142 si\u0119, \u017ce magia magi\u0105, ale b\u0142\u0119dnik b\u0142\u0119dnikiem i ostro go zemdli\u0142o podczas akrobacji wyverny. Nast\u0119pnym razem by\u0142o lepiej i nie musieli czy\u015bci\u0107 si\u0119 w potoku, ale gdy tylko uzna\u0142, \u017ce wie, jak przetrwa\u0107 taki lot bez nieprzewidzianych efekt\u00f3w, postanowi\u0142, \u017ce w \u017cyciu tak nie b\u0119dzie wylatywa\u0142 z ich wsp\u00f3lnego mieszkania, o ile nie zostanie do tego zmuszony.<\/p>\n\n\n\n<p>Usiad\u0142 na \u0142\u00f3\u017cku i si\u0119gn\u0105\u0142 po koszul\u0119. Nie zd\u0105\u017cy\u0142 jej za\u0142o\u017cy\u0107, gdy co\u015b odwr\u00f3ci\u0142o jego uwag\u0119. Niewyra\u017any srebrzysty b\u0142ysk na granicy pola widzenia. Odwr\u00f3ci\u0142 g\u0142ow\u0119 w t\u0119 stron\u0119 i dostrzeg\u0142 wr\u00f3\u017ck\u0119, kt\u00f3ra przygl\u0105da\u0142a mu si\u0119 z uwag\u0105. Zawis\u0142a w powietrzu na wysoko\u015bci jego g\u0142owy. Mia\u0142a nieca\u0142e trzydzie\u015bci centymetr\u00f3w wzrostu, kr\u00f3tkawe jak na mod\u0119 w Fay, bo si\u0119gaj\u0105ce tylko ramion, ciemne w\u0142osy z nier\u00f3wno obci\u0119t\u0105 grzywk\u0105 i ubrana by\u0142a w zminiaturyzowan\u0105 wersj\u0119 jego stroju z karczmy \u2013 b\u0142\u0119kitne spodnie o nier\u00f3wnym kolorze, przypominaj\u0105ce d\u017cinsy, koszulk\u0119 z wyhaftowan\u0105 podobizn\u0105 ognistej jaszczurki i zawi\u0105zywane p\u0142\u00f3ciennie buty o plecionej podeszwie, ca\u0142kiem udatn\u0105 podr\u00f3bk\u0119 convers\u00f3w. Doszed\u0142 do wniosku, \u017ce ca\u0142kiem nie\u017ale sobie poradzi\u0142a, bior\u0105c pod uwag\u0119 ograniczone miejscowe materia\u0142y. Wr\u00f3\u017cka przygl\u0105da\u0142a mu si\u0119 z uwag\u0105, przechylaj\u0105c na bok g\u0142ow\u0119.<\/p>\n\n\n\n<p><a href=\"https:\/\/zrzutka.pl\/5dseum\">Link do zrzutki.<\/a> Zajrzyj, je\u015bli chcesz przeczyta\u0107 wi\u0119cej. Wp\u0142ata gwarantuje otrzymanie w\u0142asnego egzemplarza.<\/p>\n\n\n\n<p class=\"has-text-align-right\">Ma\u0142gorzata Wieczorek<\/p>\n\n\n\n<figure class=\"wp-block-image size-large\"><img loading=\"lazy\" decoding=\"async\" width=\"1024\" height=\"683\" src=\"https:\/\/mwieczorek-fantastyka.pl\/wp-content\/uploads\/2022\/03\/dragon-4417514_1920-1024x683.png\" alt=\"\" class=\"wp-image-233\" srcset=\"https:\/\/mwieczorek-fantastyka.pl\/wp-content\/uploads\/2022\/03\/dragon-4417514_1920-1024x683.png 1024w, https:\/\/mwieczorek-fantastyka.pl\/wp-content\/uploads\/2022\/03\/dragon-4417514_1920-300x200.png 300w, https:\/\/mwieczorek-fantastyka.pl\/wp-content\/uploads\/2022\/03\/dragon-4417514_1920-768x512.png 768w, https:\/\/mwieczorek-fantastyka.pl\/wp-content\/uploads\/2022\/03\/dragon-4417514_1920-1536x1024.png 1536w, https:\/\/mwieczorek-fantastyka.pl\/wp-content\/uploads\/2022\/03\/dragon-4417514_1920.png 1920w\" sizes=\"auto, (max-width: 1024px) 100vw, 1024px\" \/><\/figure>\n\n\n\n<p><\/p>\n","protected":false},"excerpt":{"rendered":"<p>(fragment) Gwiazdozbiory by\u0142y inne. Nie powinien czu\u0107 zimnego dreszczu na plecach, mia\u0142 czas si\u0119 przyzwyczai\u0107, ale nieprzyjemne uczucie nadal mu towarzyszy\u0142o. Patrzy\u0142 ponad grzbietem Cholery na ciut ciemniejsze ni\u017c na Ziemi niebo, na odrobin\u0119 ja\u015bniejsze gwiazdy, kt\u00f3rych zimne ogniki p\u0142on\u0119\u0142y troch\u0119 zbyt blisko siebie, jak piegi na ciele rudzielca. Ca\u0142y \u015bwiat wywo\u0142ywa\u0142 w nim niepok\u00f3j, &hellip; <a href=\"https:\/\/mwieczorek-fantastyka.pl\/index.php\/musica-mundana\/\" class=\"more-link\">Czytaj dalej <span class=\"screen-reader-text\">Musica Mundana<\/span> <span class=\"meta-nav\">&rarr;<\/span><\/a><\/p>\n","protected":false},"author":1,"featured_media":0,"parent":0,"menu_order":0,"comment_status":"closed","ping_status":"closed","template":"","meta":{"footnotes":""},"class_list":["post-232","page","type-page","status-publish","hentry"],"_links":{"self":[{"href":"https:\/\/mwieczorek-fantastyka.pl\/index.php\/wp-json\/wp\/v2\/pages\/232","targetHints":{"allow":["GET"]}}],"collection":[{"href":"https:\/\/mwieczorek-fantastyka.pl\/index.php\/wp-json\/wp\/v2\/pages"}],"about":[{"href":"https:\/\/mwieczorek-fantastyka.pl\/index.php\/wp-json\/wp\/v2\/types\/page"}],"author":[{"embeddable":true,"href":"https:\/\/mwieczorek-fantastyka.pl\/index.php\/wp-json\/wp\/v2\/users\/1"}],"replies":[{"embeddable":true,"href":"https:\/\/mwieczorek-fantastyka.pl\/index.php\/wp-json\/wp\/v2\/comments?post=232"}],"version-history":[{"count":6,"href":"https:\/\/mwieczorek-fantastyka.pl\/index.php\/wp-json\/wp\/v2\/pages\/232\/revisions"}],"predecessor-version":[{"id":366,"href":"https:\/\/mwieczorek-fantastyka.pl\/index.php\/wp-json\/wp\/v2\/pages\/232\/revisions\/366"}],"wp:attachment":[{"href":"https:\/\/mwieczorek-fantastyka.pl\/index.php\/wp-json\/wp\/v2\/media?parent=232"}],"curies":[{"name":"wp","href":"https:\/\/api.w.org\/{rel}","templated":true}]}}