{"id":92,"date":"2022-02-11T19:41:20","date_gmt":"2022-02-11T18:41:20","guid":{"rendered":"https:\/\/krwawasotnia.pl\/?page_id=92"},"modified":"2022-03-08T16:09:45","modified_gmt":"2022-03-08T15:09:45","slug":"krasnieta","status":"publish","type":"page","link":"https:\/\/mwieczorek-fantastyka.pl\/index.php\/nawynos\/krasnieta\/","title":{"rendered":"Kra\u015bni\u0119ta"},"content":{"rendered":"\n<p>Nie jest to pierwsze opowiadanie, kt\u00f3re opublikowa\u0142am, ale chyba najzabawniejsze. Pochodzi z 2004 roku i mn\u00f3stwo rzeczy si\u0119 od tamtego czasu zmieni\u0142o, szczeg\u00f3lnie scenografia Warszawy, ale postanowi\u0142am nie przeredagowywa\u0107. Taki klimat retro.<\/p>\n\n\n\n<p class=\"has-text-align-right\">MW<\/p>\n\n\n\n<div class=\"wp-block-columns is-layout-flex wp-container-core-columns-is-layout-9d6595d7 wp-block-columns-is-layout-flex\">\n<div class=\"wp-block-column is-layout-flow wp-block-column-is-layout-flow\">\n<div class=\"wp-block-file\"><a id=\"wp-block-file--media-b6b2b76a-b29b-4ecd-8477-4ea81e604e61\" href=\"https:\/\/mwieczorek-fantastyka.pl\/wp-content\/uploads\/2022\/02\/Krasnieta-3-1.pdf\">Kra\u015bni\u0119ta pdf    <\/a><a href=\"https:\/\/mwieczorek-fantastyka.pl\/wp-content\/uploads\/2022\/02\/Krasnieta-3-1.pdf\" class=\"wp-block-file__button\" download aria-describedby=\"wp-block-file--media-b6b2b76a-b29b-4ecd-8477-4ea81e604e61\">Pobierz<\/a><\/div>\n\n\n\n<p><\/p>\n\n\n\n<div class=\"wp-block-file\"><a id=\"wp-block-file--media-0b08f455-9716-46f4-8939-c8116df603a9\" href=\"https:\/\/mwieczorek-fantastyka.pl\/wp-content\/uploads\/2022\/02\/Krasnieta-Malgorzata-Wieczorek.mobi\">Kra\u015bni\u0119ta mobi<\/a><a href=\"https:\/\/mwieczorek-fantastyka.pl\/wp-content\/uploads\/2022\/02\/Krasnieta-Malgorzata-Wieczorek.mobi\" class=\"wp-block-file__button\" download aria-describedby=\"wp-block-file--media-0b08f455-9716-46f4-8939-c8116df603a9\">Pobierz<\/a><\/div>\n\n\n\n<p><\/p>\n\n\n\n<div class=\"wp-block-file\"><a id=\"wp-block-file--media-eab65de2-f4dd-420b-a7c8-c94ff539817f\" href=\"https:\/\/mwieczorek-fantastyka.pl\/wp-content\/uploads\/2022\/02\/Krasnieta-Malgorzata-Wieczorek.epub\">Kra\u015bni\u0119ta epub<\/a><a href=\"https:\/\/mwieczorek-fantastyka.pl\/wp-content\/uploads\/2022\/02\/Krasnieta-Malgorzata-Wieczorek.epub\" class=\"wp-block-file__button\" download aria-describedby=\"wp-block-file--media-eab65de2-f4dd-420b-a7c8-c94ff539817f\">Pobierz<\/a><\/div>\n<\/div>\n\n\n\n<div class=\"wp-block-column is-layout-flow wp-block-column-is-layout-flow\">\n<figure class=\"wp-block-image size-full is-resized\"><img loading=\"lazy\" decoding=\"async\" src=\"https:\/\/mwieczorek-fantastyka.pl\/wp-content\/uploads\/2022\/02\/fairy-tale-icons-4515406_1280-2.png\" alt=\"\" class=\"wp-image-133\" width=\"299\" height=\"206\"\/><\/figure>\n\n\n\n<p><\/p>\n<\/div>\n<\/div>\n\n\n\n<div class=\"wp-block-group\"><div class=\"wp-block-group__inner-container is-layout-flow wp-block-group-is-layout-flow\"><\/div><\/div>\n\n\n\n<div style=\"height:31px\" aria-hidden=\"true\" class=\"wp-block-spacer\"><\/div>\n","protected":false},"excerpt":{"rendered":"<p>Nie jest to pierwsze opowiadanie, kt\u00f3re opublikowa\u0142am, ale chyba najzabawniejsze. Pochodzi z 2004 roku i mn\u00f3stwo rzeczy si\u0119 od tamtego czasu zmieni\u0142o, szczeg\u00f3lnie scenografia Warszawy, ale postanowi\u0142am nie przeredagowywa\u0107. Taki klimat retro. MW<\/p>\n","protected":false},"author":1,"featured_media":0,"parent":188,"menu_order":0,"comment_status":"closed","ping_status":"closed","template":"","meta":{"footnotes":""},"class_list":["post-92","page","type-page","status-publish","hentry"],"_links":{"self":[{"href":"https:\/\/mwieczorek-fantastyka.pl\/index.php\/wp-json\/wp\/v2\/pages\/92","targetHints":{"allow":["GET"]}}],"collection":[{"href":"https:\/\/mwieczorek-fantastyka.pl\/index.php\/wp-json\/wp\/v2\/pages"}],"about":[{"href":"https:\/\/mwieczorek-fantastyka.pl\/index.php\/wp-json\/wp\/v2\/types\/page"}],"author":[{"embeddable":true,"href":"https:\/\/mwieczorek-fantastyka.pl\/index.php\/wp-json\/wp\/v2\/users\/1"}],"replies":[{"embeddable":true,"href":"https:\/\/mwieczorek-fantastyka.pl\/index.php\/wp-json\/wp\/v2\/comments?post=92"}],"version-history":[{"count":1,"href":"https:\/\/mwieczorek-fantastyka.pl\/index.php\/wp-json\/wp\/v2\/pages\/92\/revisions"}],"predecessor-version":[{"id":218,"href":"https:\/\/mwieczorek-fantastyka.pl\/index.php\/wp-json\/wp\/v2\/pages\/92\/revisions\/218"}],"up":[{"embeddable":true,"href":"https:\/\/mwieczorek-fantastyka.pl\/index.php\/wp-json\/wp\/v2\/pages\/188"}],"wp:attachment":[{"href":"https:\/\/mwieczorek-fantastyka.pl\/index.php\/wp-json\/wp\/v2\/media?parent=92"}],"curies":[{"name":"wp","href":"https:\/\/api.w.org\/{rel}","templated":true}]}}